{"id":18,"date":"2014-02-02T22:39:54","date_gmt":"2014-02-02T21:39:54","guid":{"rendered":"http:\/\/www.soudni-znalec.cz\/?page_id=18"},"modified":"2021-05-19T09:43:29","modified_gmt":"2021-05-19T08:43:29","slug":"home","status":"publish","type":"page","link":"http:\/\/www.soudni-znalec.cz\/?page_id=18","title":{"rendered":"Kontakt"},"content":{"rendered":"<h1 style=\"text-align: left;\">Ing. Michal Fialka<\/h1>\n<p style=\"text-align: left;\">znalec v oboru ekonomika<\/p>\n<p style=\"text-align: left;\">dekret \u010d. M-645\/98, I\u010c&nbsp;43930751<\/p>\n<address>Fr\u00e1ni \u0160r\u00e1mka 846, 272 04 Kladno<\/address>\n<address>tel. 312 312 602, mob. 731 625 185<\/address>\n<p style=\"text-align: left;\">e-mail: <a href=\"mailto:fialka@soudni-znalec.cz\">fialka@soudni-znalec.cz<\/a><\/p>\n<p>datov\u00e1 schr\u00e1nka ID: 9sztee4<\/p>\n","protected":false},"excerpt":{"rendered":"<p>Ing. Michal Fialka znalec v oboru ekonomika dekret \u010d. M-645\/98, I\u010c&nbsp;43930751 Fr\u00e1ni \u0160r\u00e1mka 846, 272 04 Kladno tel. 312 312 602, mob. 731 625 185 e-mail: fialka@soudni-znalec.cz datov\u00e1 schr\u00e1nka ID: 9sztee4<\/p>\n","protected":false},"author":1,"featured_media":0,"parent":0,"menu_order":0,"comment_status":"closed","ping_status":"closed","template":"","meta":{"ngg_post_thumbnail":0},"yoast_head":"<!-- This site is optimized with the Yoast SEO plugin v15.7 - https:\/\/yoast.com\/wordpress\/plugins\/seo\/ -->\n<title>Kontakt - Michal Fialka, znalec v oboru ekonomika<\/title>\n<meta name=\"robots\" content=\"index, follow, max-snippet:-1, max-image-preview:large, max-video-preview:-1\" \/>\n<link rel=\"canonical\" href=\"http:\/\/www.soudni-znalec.cz\/?page_id=18\" \/>\n<meta property=\"og:locale\" content=\"cs_CZ\" \/>\n<meta property=\"og:type\" content=\"article\" \/>\n<meta property=\"og:title\" content=\"Kontakt - Michal Fialka, znalec v oboru ekonomika\" \/>\n<meta property=\"og:description\" content=\"Ing. Michal Fialka znalec v oboru ekonomika dekret \u010d. M-645\/98, I\u010c&nbsp;43930751 Fr\u00e1ni \u0160r\u00e1mka 846, 272 04 Kladno tel. 312 312 602, mob. 731 625 185 e-mail: fialka@soudni-znalec.cz datov\u00e1 schr\u00e1nka ID: 9sztee4\" \/>\n<meta property=\"og:url\" content=\"http:\/\/www.soudni-znalec.cz\/?page_id=18\" \/>\n<meta property=\"og:site_name\" content=\"Michal Fialka, znalec v oboru ekonomika\" \/>\n<meta property=\"article:modified_time\" content=\"2021-05-19T08:43:29+00:00\" \/>\n<meta name=\"twitter:label1\" content=\"Odhadovan\u00e1 doba \u010dten\u00ed\">\n\t<meta name=\"twitter:data1\" content=\"1 minuta\">\n<script type=\"application\/ld+json\" class=\"yoast-schema-graph\">{\"@context\":\"https:\/\/schema.org\",\"@graph\":[{\"@type\":\"WebSite\",\"@id\":\"http:\/\/www.soudni-znalec.cz\/#website\",\"url\":\"http:\/\/www.soudni-znalec.cz\/\",\"name\":\"Michal Fialka, znalec v oboru ekonomika\",\"description\":\"Oce\\u0148ov\\u00e1n\\u00ed obchodn\\u00edch z\\u00e1vod\\u016f (podnik\\u016f), nehmotn\\u00e9ho majetku a cenn\\u00fdch pap\\u00edr\\u016f\",\"potentialAction\":[{\"@type\":\"SearchAction\",\"target\":\"http:\/\/www.soudni-znalec.cz\/?s={search_term_string}\",\"query-input\":\"required name=search_term_string\"}],\"inLanguage\":\"cs\"},{\"@type\":\"WebPage\",\"@id\":\"http:\/\/www.soudni-znalec.cz\/?page_id=18#webpage\",\"url\":\"http:\/\/www.soudni-znalec.cz\/?page_id=18\",\"name\":\"Kontakt - Michal Fialka, znalec v oboru ekonomika\",\"isPartOf\":{\"@id\":\"http:\/\/www.soudni-znalec.cz\/#website\"},\"datePublished\":\"2014-02-02T21:39:54+00:00\",\"dateModified\":\"2021-05-19T08:43:29+00:00\",\"inLanguage\":\"cs\",\"potentialAction\":[{\"@type\":\"ReadAction\",\"target\":[\"http:\/\/www.soudni-znalec.cz\/?page_id=18\"]}]}]}<\/script>\n<!-- \/ Yoast SEO plugin. -->","_links":{"self":[{"href":"http:\/\/www.soudni-znalec.cz\/index.php?rest_route=\/wp\/v2\/pages\/18"}],"collection":[{"href":"http:\/\/www.soudni-znalec.cz\/index.php?rest_route=\/wp\/v2\/pages"}],"about":[{"href":"http:\/\/www.soudni-znalec.cz\/index.php?rest_route=\/wp\/v2\/types\/page"}],"author":[{"embeddable":true,"href":"http:\/\/www.soudni-znalec.cz\/index.php?rest_route=\/wp\/v2\/users\/1"}],"replies":[{"embeddable":true,"href":"http:\/\/www.soudni-znalec.cz\/index.php?rest_route=%2Fwp%2Fv2%2Fcomments&post=18"}],"version-history":[{"count":14,"href":"http:\/\/www.soudni-znalec.cz\/index.php?rest_route=\/wp\/v2\/pages\/18\/revisions"}],"predecessor-version":[{"id":228,"href":"http:\/\/www.soudni-znalec.cz\/index.php?rest_route=\/wp\/v2\/pages\/18\/revisions\/228"}],"wp:attachment":[{"href":"http:\/\/www.soudni-znalec.cz\/index.php?rest_route=%2Fwp%2Fv2%2Fmedia&parent=18"}],"curies":[{"name":"wp","href":"https:\/\/api.w.org\/{rel}","templated":true}]}}