{"id":31,"date":"2014-02-02T23:04:27","date_gmt":"2014-02-02T22:04:27","guid":{"rendered":"http:\/\/www.soudni-znalec.cz\/?page_id=31"},"modified":"2020-03-31T23:58:21","modified_gmt":"2020-03-31T22:58:21","slug":"nabidka","status":"publish","type":"page","link":"http:\/\/www.soudni-znalec.cz\/","title":{"rendered":"Slu\u017eby"},"content":{"rendered":"<p>Od sv\u00e9ho jmenov\u00e1n\u00ed v roce 1998 soudn\u00ed znalec <a href=\"http:\/\/datalot.justice.cz\/justice\/repznatl.nsf\/0\/17F3739C28C42891C125853B0057ECD5?OpenDocument\" title=\"Justice.cz\" target=\"_blank\">Michal Fialka<\/a> zhotovuje znaleck\u00e9 posudky v oboru ekonomika se specializac\u00ed na oce\u0148ov\u00e1n\u00ed obchodn\u00edch z\u00e1vod\u016f (podnik\u016f), nehmotn\u00e9ho majetku a cenn\u00fdch pap\u00edr\u016f pro<\/p>\n<p>\u25a0 soudy ve v\u011bcech trestn\u00edch i ob\u010danskopr\u00e1vn\u00edch,<br \/>\n\u25a0 org\u00e1ny \u010dinn\u00e9 v trestn\u00edm \u0159\u00edzen\u00ed,<br \/>\n\u25a0 not\u00e1\u0159e,<br \/>\n\u25a0 st\u00e1tn\u00ed i ve\u0159ejn\u00e9 instituce,<br \/>\n\u25a0 obchodn\u00ed spole\u010dnosti a dal\u0161\u00ed pr\u00e1vnick\u00e9 osoby,<br \/>\n\u25a0 ob\u010dany.<\/p>\n<p>P\u0159edm\u011btem ocen\u011bn\u00ed m\u016f\u017ee b\u00fdt \u0161irok\u00e1 \u0161k\u00e1la aktiv, nap\u0159. obchodn\u00ed z\u00e1vod (podnik) nebo jeho \u010d\u00e1st, obchodn\u00ed pod\u00edl, patenty, licence, know-how, pr\u016fmyslov\u00e9 a u\u017eitn\u00e9 vzory, obchodn\u00ed zna\u010dky, akcie, sm\u011bnky, \u0161eky, dluhopisy apod.<\/p>\n<p>Obvykl\u00fdm d\u016fvodem ocen\u011bn\u00ed je<\/p>\n<p>\u25a0 nepen\u011b\u017en\u00ed vklad,<br \/>\n\u25a0 koup\u011b, prodej \u010di vypo\u0159\u00e1d\u00e1n\u00ed,<br \/>\n\u25a0 p\u0159em\u011bna spole\u010dnosti,<br \/>\n\u25a0 d\u011bdick\u00e9 \u0159\u00edzen\u00ed,<br \/>\n\u25a0 insolvence, reorganizace,<br \/>\n\u25a0 soudn\u00ed spor,<br \/>\n\u25a0 a mnoho dal\u0161\u00edch.<\/p>\n<p>Sou\u010d\u00e1st\u00ed slu\u017eeb m\u016f\u017ee b\u00fdt i poradenstv\u00ed p\u0159i prodeji\/koupi, podpora ekonomick\u00e9ho zd\u016fvodn\u011bn\u00ed transakce (investi\u010dn\u00edho rozhodnut\u00ed), \u00fa\u010dast na vyjedn\u00e1v\u00e1n\u00ed o cen\u011b, bankovn\u00edm \u00fav\u011bru nebo dotace.<\/p>\n","protected":false},"excerpt":{"rendered":"<p>Od sv\u00e9ho jmenov\u00e1n\u00ed v roce 1998 soudn\u00ed znalec Michal Fialka zhotovuje znaleck\u00e9 posudky v oboru ekonomika se specializac\u00ed na oce\u0148ov\u00e1n\u00ed obchodn\u00edch z\u00e1vod\u016f (podnik\u016f), nehmotn\u00e9ho majetku a cenn\u00fdch pap\u00edr\u016f pro \u25a0 soudy ve v\u011bcech trestn\u00edch i ob\u010danskopr\u00e1vn\u00edch, \u25a0 org\u00e1ny \u010dinn\u00e9 v trestn\u00edm \u0159\u00edzen\u00ed, \u25a0 not\u00e1\u0159e, \u25a0 st\u00e1tn\u00ed i ve\u0159ejn\u00e9 instituce, \u25a0 obchodn\u00ed spole\u010dnosti a dal\u0161\u00ed pr\u00e1vnick\u00e9 &#8230; <a title=\"Slu\u017eby\" class=\"read-more\" href=\"http:\/\/www.soudni-znalec.cz\/\" aria-label=\"V\u00edce na Slu\u017eby\">\u010c\u00edst d\u00e1l<\/a><\/p>\n","protected":false},"author":1,"featured_media":0,"parent":0,"menu_order":0,"comment_status":"closed","ping_status":"closed","template":"","meta":{"ngg_post_thumbnail":0},"yoast_head":"<!-- This site is optimized with the Yoast SEO plugin v15.7 - https:\/\/yoast.com\/wordpress\/plugins\/seo\/ -->\n<title>Slu\u017eby - Michal Fialka, znalec v oboru ekonomika<\/title>\n<meta name=\"robots\" content=\"index, follow, max-snippet:-1, max-image-preview:large, max-video-preview:-1\" \/>\n<link rel=\"canonical\" href=\"http:\/\/www.soudni-znalec.cz\/\" \/>\n<meta property=\"og:locale\" content=\"cs_CZ\" \/>\n<meta property=\"og:type\" content=\"article\" \/>\n<meta property=\"og:title\" content=\"Slu\u017eby - Michal Fialka, znalec v oboru ekonomika\" \/>\n<meta property=\"og:description\" content=\"Od sv\u00e9ho jmenov\u00e1n\u00ed v roce 1998 soudn\u00ed znalec Michal Fialka zhotovuje znaleck\u00e9 posudky v oboru ekonomika se specializac\u00ed na oce\u0148ov\u00e1n\u00ed obchodn\u00edch z\u00e1vod\u016f (podnik\u016f), nehmotn\u00e9ho majetku a cenn\u00fdch pap\u00edr\u016f pro \u25a0 soudy ve v\u011bcech trestn\u00edch i ob\u010danskopr\u00e1vn\u00edch, \u25a0 org\u00e1ny \u010dinn\u00e9 v trestn\u00edm \u0159\u00edzen\u00ed, \u25a0 not\u00e1\u0159e, \u25a0 st\u00e1tn\u00ed i ve\u0159ejn\u00e9 instituce, \u25a0 obchodn\u00ed spole\u010dnosti a dal\u0161\u00ed pr\u00e1vnick\u00e9 ... \u010c\u00edst d\u00e1l\" \/>\n<meta property=\"og:url\" content=\"http:\/\/www.soudni-znalec.cz\/\" \/>\n<meta property=\"og:site_name\" content=\"Michal Fialka, znalec v oboru ekonomika\" \/>\n<meta property=\"article:modified_time\" content=\"2020-03-31T22:58:21+00:00\" \/>\n<meta name=\"twitter:label1\" content=\"Odhadovan\u00e1 doba \u010dten\u00ed\">\n\t<meta name=\"twitter:data1\" content=\"1 minuta\">\n<script type=\"application\/ld+json\" class=\"yoast-schema-graph\">{\"@context\":\"https:\/\/schema.org\",\"@graph\":[{\"@type\":\"WebSite\",\"@id\":\"http:\/\/www.soudni-znalec.cz\/#website\",\"url\":\"http:\/\/www.soudni-znalec.cz\/\",\"name\":\"Michal Fialka, znalec v oboru ekonomika\",\"description\":\"Oce\\u0148ov\\u00e1n\\u00ed obchodn\\u00edch z\\u00e1vod\\u016f (podnik\\u016f), nehmotn\\u00e9ho majetku a cenn\\u00fdch pap\\u00edr\\u016f\",\"potentialAction\":[{\"@type\":\"SearchAction\",\"target\":\"http:\/\/www.soudni-znalec.cz\/?s={search_term_string}\",\"query-input\":\"required name=search_term_string\"}],\"inLanguage\":\"cs\"},{\"@type\":\"WebPage\",\"@id\":\"http:\/\/www.soudni-znalec.cz\/#webpage\",\"url\":\"http:\/\/www.soudni-znalec.cz\/\",\"name\":\"Slu\\u017eby - Michal Fialka, znalec v oboru ekonomika\",\"isPartOf\":{\"@id\":\"http:\/\/www.soudni-znalec.cz\/#website\"},\"datePublished\":\"2014-02-02T22:04:27+00:00\",\"dateModified\":\"2020-03-31T22:58:21+00:00\",\"inLanguage\":\"cs\",\"potentialAction\":[{\"@type\":\"ReadAction\",\"target\":[\"http:\/\/www.soudni-znalec.cz\/\"]}]}]}<\/script>\n<!-- \/ Yoast SEO plugin. -->","_links":{"self":[{"href":"http:\/\/www.soudni-znalec.cz\/index.php?rest_route=\/wp\/v2\/pages\/31"}],"collection":[{"href":"http:\/\/www.soudni-znalec.cz\/index.php?rest_route=\/wp\/v2\/pages"}],"about":[{"href":"http:\/\/www.soudni-znalec.cz\/index.php?rest_route=\/wp\/v2\/types\/page"}],"author":[{"embeddable":true,"href":"http:\/\/www.soudni-znalec.cz\/index.php?rest_route=\/wp\/v2\/users\/1"}],"replies":[{"embeddable":true,"href":"http:\/\/www.soudni-znalec.cz\/index.php?rest_route=%2Fwp%2Fv2%2Fcomments&post=31"}],"version-history":[{"count":21,"href":"http:\/\/www.soudni-znalec.cz\/index.php?rest_route=\/wp\/v2\/pages\/31\/revisions"}],"predecessor-version":[{"id":165,"href":"http:\/\/www.soudni-znalec.cz\/index.php?rest_route=\/wp\/v2\/pages\/31\/revisions\/165"}],"wp:attachment":[{"href":"http:\/\/www.soudni-znalec.cz\/index.php?rest_route=%2Fwp%2Fv2%2Fmedia&parent=31"}],"curies":[{"name":"wp","href":"https:\/\/api.w.org\/{rel}","templated":true}]}}